{"id":1180,"date":"2023-10-20T08:02:51","date_gmt":"2023-10-20T06:02:51","guid":{"rendered":"https:\/\/liber.crealogica.eu\/politica-de-privadesa\/"},"modified":"2023-11-30T07:24:51","modified_gmt":"2023-11-30T06:24:51","slug":"politica-de-privadesa","status":"publish","type":"page","link":"https:\/\/yogaeslibertad.com\/ca\/politica-de-privadesa\/","title":{"rendered":"Pol\u00edtica de privadesa"},"content":{"rendered":"\n<p>yogaeslibertad.com, per protegir els drets individuals, sobretot en relaci\u00f3 amb els tractaments automatitzats i amb voluntat de ser transparents amb l&#8217;Usuari, ha establert una pol\u00edtica que recull el conjunt d&#8217;aquests tractaments, els fins perseguits per aquests darrers, la legitimitat de els mateixos i tamb\u00e9 els instruments a disposici\u00f3 de l&#8217;usuari perqu\u00e8 pugui exercir els seus drets.<\/p>\n\n<p>La navegaci\u00f3 en aquest lloc web implica la total acceptaci\u00f3 de les seg\u00fcents disposicions i condicions de utilitzaci\u00f3. S&#8217;acceptar\u00e0 la utilitzaci\u00f3 de galetes. En cas de no estar-hi d&#8217;acord, envieu un correu a liberosk@hotmail.com .<\/p>\n\n<p>La versi\u00f3 actualitzada d&#8217;aquesta pol\u00edtica de privadesa \u00e9s l&#8217;\u00fanica aplicable durant la durada de l&#8217;\u00fas del lloc web fins que no hi hagi cap altra versi\u00f3 que el substitueixi.<\/p>\n\n<p>Per a una informaci\u00f3 complement\u00e0ria sobre la protecci\u00f3 de dades personals us convidem a consultar la p\u00e0gina web de l&#8217;AEPD (Ag\u00e8ncia Espanyola de Protecci\u00f3 de Dades), https:\/\/www.agpd.es\/portalwebAGPD\/index-ides-idphp.php<\/p>\n\n<p>Recollida de dades<\/p>\n\n<p>Les teves dades s\u00f3n recollides pel TITULAR.<\/p>\n\n<p>Una dada de car\u00e0cter personal fa refer\u00e8ncia a tota la informaci\u00f3 referida a una persona f\u00edsica identificada o identificable (persona afectada). S&#8217;ent\u00e9n com a identificable una persona que pugui ser identificada, directament o indirectament, sobretot per refer\u00e8ncia a un nom, un n\u00famero d&#8217;identificaci\u00f3 (DNI, NIF, NIE, passaport) o un o diversos elements espec\u00edfics, propis a la seva identitat f\u00edsica, fisiol\u00f2gica , gen\u00e8tica, ps\u00edquica, econ\u00f2mica, cultural o social.<\/p>\n\n<p>Les dades que amb car\u00e0cter general seran recopilades s\u00f3n: nom i cognoms, adre\u00e7a, correu electr\u00f2nic, n\u00famero de tel\u00e8fon, data de naixement, dades relacionades amb mitjans de pagament. Es podran recopilar m\u00e9s dades sent informat per l&#8217;Usuari.<\/p>\n\n<p>Amb quina finalitat es tracten les dades personals?<\/p>\n\n<p>La finalitat del tractament de dades personals que es puguin recollir s\u00f3n usades principalment pel TITULAR per a la gesti\u00f3 de la seva relaci\u00f3 amb tu, poder oferir-te productes i serveis d&#8217;acord amb els teus interessos, millorar la teva experi\u00e8ncia d&#8217;usuari i, si escau, per al tractament de sol\u00b7licituds, peticions o comandes. S&#8217;elaborar\u00e0 un perfil comercial sobre la base de la informaci\u00f3 que utilitzis. No es realitzaran decisions automatitzades en base a aquest perfil.<\/p>\n\n<p>Les dades proporcionades es conservaran mentre es mantingui la relaci\u00f3 comercial, sempre que l&#8217;interessat no sol\u00b7liciti la seva supressi\u00f3, o durant els anys necessaris per complir les obligacions legals.<\/p>\n\n<p>Es registraran al fitxer de client i el seu tractament quedar\u00e0 registrat al registre de tractaments que ha de portar el TITULAR (abans del 25 de maig de 2018 tamb\u00e9 podria estar incl\u00f2s al fitxer elaborat amb les dades personals registrat a l&#8217;AEPD, l&#8217;Ag\u00e8ncia Espanyola de protecci\u00f3 de dades, o \u00f2rgan competent de la comunitat aut\u00f2noma respectiva).<\/p>\n\n<p>Quina \u00e9s la legitimaci\u00f3 per al tractament de dades?<\/p>\n\n<p>La base legal per al tractament de les teves dades personals \u00e9s:<\/p>\n\n<p>-La correcta execuci\u00f3 o compliment del contracte<\/p>\n\n<p>-L&#8217;inter\u00e8s leg\u00edtim del TITULAR<\/p>\n\n<p>-El consentiment de lusuari o client per al tractament de les teves dades.<\/p>\n\n<p>A quins destinataris es comunicaran les teves dades?<\/p>\n\n<p>Les dades personals de l&#8217;Usuari podran eventualment ser comunicades a tercers relacionats amb el TITULAR per contracte per a la realitzaci\u00f3 de les tasques necess\u00e0ries per a la gesti\u00f3 del vostre compte com a client i sense que hagi de donar la seva autoritzaci\u00f3.<\/p>\n\n<p>Tamb\u00e9 quan s&#8217;haguessin de fer comunicacions a altres empreses del grup, si n&#8217;hi hagu\u00e9s, per a fins administratius interns que podrien suposar un tractament d&#8217;aquestes dades.<\/p>\n\n<p>Les dades personals de l&#8217;Usuari podran transferir-se a un tercer pa\u00eds oa una organitzaci\u00f3 internacional, per\u00f2 se l&#8217;haur\u00e0 d&#8217;informar quan es produeixi aquesta transfer\u00e8ncia, i de les condicions de la mateixa i del destinatari.<\/p>\n\n<p>Quan algunes dades siguin obligat\u00f2ries per accedir a funcionalitats concretes del lloc web, el TITULAR indicar\u00e0 el car\u00e0cter obligatori esmentat en el moment de la recollida de les dades de l&#8217;Usuari.<\/p>\n\n<p>Cookies<\/p>\n\n<p>Durant la primera navegaci\u00f3, apareixer\u00e0 un banner explicatiu sobre l&#8217;\u00fas de galetes, que inclou la possibilitat d&#8217;acceptar totes les galetes o nom\u00e9s les galetes t\u00e8cniques, essencials per al funcionament de la plataforma; a exclusi\u00f3 de les cookies anal\u00edtiques i publicit\u00e0ries.<\/p>\n\n<p>Per a m\u00e9s informaci\u00f3, consulteu la nostra pol\u00edtica de cookies.<\/p>\n\n<p>Drets de l&#8217;usuari<\/p>\n\n<p>S&#8217;informa a l&#8217;usuari de la possibilitat d&#8217;exercir els drets d&#8217;acc\u00e9s, rectificaci\u00f3, cancel\u00b7laci\u00f3 i oposici\u00f3. Tamb\u00e9 cada persona disposa del dret de limitaci\u00f3 del tractament relatiu a la vostra persona, d&#8217;un dret d&#8217;eliminaci\u00f3 de transfer\u00e8ncia de dades personals transmeses al responsable del tractament i del dret a la portabilitat de les vostres dades.<\/p>\n\n<p>L&#8217;Usuari t\u00e9 la possibilitat de presentar una reclamaci\u00f3 davant de l&#8217;AEPD (Ag\u00e8ncia Espanyola de Protecci\u00f3 de Dades) o organisme competent de la respectiva comunitat aut\u00f2noma, quan no hagi obtingut una soluci\u00f3 satisfact\u00f2ria en l&#8217;exercici dels seus drets mitjan\u00e7ant un escrit dirigit a aquesta.<\/p>\n\n<p>Llevat que l&#8217;Usuari s&#8217;oposi, enviant un mail a l&#8217;adre\u00e7a de correu liberosk@hotmail.com , les vostres dades podran ser utilitzades, si escau, si escau, per a l&#8217;enviament d&#8217;informaci\u00f3 comercial de Libertad Gutierrez.<\/p>\n\n<p>Les dades proporcionades es conservaran mentre es mantingui la relaci\u00f3 comercial durant els anys necessaris per complir les obligacions legals.<\/p>\n\n<p>L&#8217;Usuari \u00e9s responsable que la informaci\u00f3 que proporcioni a trav\u00e9s d&#8217;aquesta p\u00e0gina web sigui certa, responent de l&#8217;exactitud de totes les dades que comuniqui i mantindr\u00e0 actualitzada perqu\u00e8 reflecteixin una situaci\u00f3 real, sent responsable d&#8217;informacions falses o inexactes que proporcioni i dels danys, mol\u00e8sties i problemes que poguessin causar Llibertat Gutierrez o tercers.&#13;\n<\/p>\n\n<p>Aquesta informaci\u00f3 ser\u00e0 guardada i gestionada amb la deguda confidencialitat, aplicant les mesures de seguretat inform\u00e0tiques necess\u00e0ries per impedir l&#8217;acc\u00e9s o \u00fas indegut de les seves dades, la seva manipulaci\u00f3, deteriorament o p\u00e8rdua.<\/p>\n\n<p>Aix\u00f2 no obstant, l&#8217;Usuari ha de tenir en compte que la seguretat dels sistemes inform\u00e0tics mai no \u00e9s absoluta. Quan es faciliten dades personals per internet, aquesta informaci\u00f3 es pugui recollir sense el seu consentiment i tractada per tercers no autoritzats.<\/p>\n\n<p>Libertat Gutierrez reclina qualsevol tipus de responsabilitat sobre les conseq\u00fc\u00e8ncies d&#8217;aquests actes que puguin tenir per a l&#8217;Usuari, si va publicar la informaci\u00f3 volunt\u00e0riament.<\/p>\n\n<p>Podr\u00e0 accedir i exercitar aquests drets mitjan\u00e7ant sol\u00b7licitud per escrit i signada que podr\u00e0 ser enviada al domicili Pla\u00e7a Cots 8, 3\u00ba 2\u00aa 08241 Manresa Barcelona, Espanya, adjuntant fotoc\u00f2pia del DNI o document equivalent.&#13;\n&#13;\n&#13;\n&#13;\n<\/p>\n\n<p>Tamb\u00e9 podr\u00e0 ser enviada la sol\u00b7licitud al correu electr\u00f2nic seg\u00fcent: liberosk@hotmail.com.<\/p>\n\n<p>Aquests drets seran atesos, en el termini d&#8217;1 mes, que es podran ampliar a 2 mesos si la complexitat de la sol\u00b7licitud o el nombre de sol\u00b7licituds rebudes aix\u00ed ho exigeix. Tot aix\u00f2 sense prejudici del deure de conservar certes dades en els termes legals i fins que prescriguin les possibles responsabilitats derivades d&#8217;un possible tractament o, si escau, una relaci\u00f3 contractual.<\/p>\n\n<p>A m\u00e9s de l&#8217;anterior, i en relaci\u00f3 amb la normativa de protecci\u00f3 de dades, els usuaris que ho sol\u00b7licitin tenen la possibilitat d&#8217;organitzar la destinaci\u00f3 de les dades despr\u00e9s de la seva mort.<\/p>\n","protected":false},"excerpt":{"rendered":"<p>yogaeslibertad.com, per protegir els drets individuals, sobretot en relaci\u00f3 amb els tractaments automatitzats i amb voluntat de ser transparents amb l&#8217;Usuari, ha establert una pol\u00edtica que recull el conjunt d&#8217;aquests tractaments, els fins perseguits per aquests darrers, la legitimitat de els mateixos i tamb\u00e9 els instruments a disposici\u00f3 de l&#8217;usuari perqu\u00e8 pugui exercir els seus [&hellip;]<\/p>\n","protected":false},"author":1,"featured_media":0,"parent":0,"menu_order":0,"comment_status":"closed","ping_status":"closed","template":"","meta":{"inline_featured_image":false,"footnotes":""},"class_list":["post-1180","page","type-page","status-publish","hentry"],"_links":{"self":[{"href":"https:\/\/yogaeslibertad.com\/ca\/wp-json\/wp\/v2\/pages\/1180","targetHints":{"allow":["GET"]}}],"collection":[{"href":"https:\/\/yogaeslibertad.com\/ca\/wp-json\/wp\/v2\/pages"}],"about":[{"href":"https:\/\/yogaeslibertad.com\/ca\/wp-json\/wp\/v2\/types\/page"}],"author":[{"embeddable":true,"href":"https:\/\/yogaeslibertad.com\/ca\/wp-json\/wp\/v2\/users\/1"}],"replies":[{"embeddable":true,"href":"https:\/\/yogaeslibertad.com\/ca\/wp-json\/wp\/v2\/comments?post=1180"}],"version-history":[{"count":3,"href":"https:\/\/yogaeslibertad.com\/ca\/wp-json\/wp\/v2\/pages\/1180\/revisions"}],"predecessor-version":[{"id":1258,"href":"https:\/\/yogaeslibertad.com\/ca\/wp-json\/wp\/v2\/pages\/1180\/revisions\/1258"}],"wp:attachment":[{"href":"https:\/\/yogaeslibertad.com\/ca\/wp-json\/wp\/v2\/media?parent=1180"}],"curies":[{"name":"wp","href":"https:\/\/api.w.org\/{rel}","templated":true}]}}