{"id":1261,"date":"2023-10-09T12:04:11","date_gmt":"2023-10-09T10:04:11","guid":{"rendered":"https:\/\/liber.crealogica.eu\/hatha-vinyasa-yoga\/"},"modified":"2023-11-21T07:12:13","modified_gmt":"2023-11-21T06:12:13","slug":"hatha-vinyasa-ioga","status":"publish","type":"page","link":"https:\/\/yogaeslibertad.com\/ca\/hatha-vinyasa-ioga\/","title":{"rendered":"Hatha Vinyasa ioga"},"content":{"rendered":"\t\t<div data-elementor-type=\"wp-page\" data-elementor-id=\"1261\" class=\"elementor elementor-1261 elementor-82\">\n\t\t\t\t\t\t<section class=\"elementor-section elementor-top-section elementor-element elementor-element-7dba10f elementor-section-full_width elementor-section-height-default elementor-section-height-default\" data-id=\"7dba10f\" data-element_type=\"section\" data-e-type=\"section\" data-settings=\"{&quot;background_background&quot;:&quot;classic&quot;}\">\n\t\t\t\t\t\t<div class=\"elementor-container elementor-column-gap-default\">\n\t\t\t\t\t<div class=\"elementor-column elementor-col-100 elementor-top-column elementor-element elementor-element-1933525\" data-id=\"1933525\" data-element_type=\"column\" data-e-type=\"column\">\n\t\t\t<div class=\"elementor-widget-wrap elementor-element-populated\">\n\t\t\t\t\t\t<section class=\"elementor-section elementor-inner-section elementor-element elementor-element-39c7d2b animated-slow elementor-section-boxed elementor-section-height-default elementor-section-height-default elementor-invisible\" data-id=\"39c7d2b\" data-element_type=\"section\" data-e-type=\"section\" data-settings=\"{&quot;animation&quot;:&quot;fadeInUp&quot;,&quot;animation_mobile&quot;:&quot;none&quot;,&quot;animation_delay&quot;:200}\">\n\t\t\t\t\t\t<div class=\"elementor-container elementor-column-gap-no\">\n\t\t\t\t\t<div class=\"elementor-column elementor-col-66 elementor-inner-column elementor-element elementor-element-5b60712 animated-slow elementor-invisible\" data-id=\"5b60712\" data-element_type=\"column\" data-e-type=\"column\" data-settings=\"{&quot;background_background&quot;:&quot;classic&quot;,&quot;animation&quot;:&quot;fadeInLeft&quot;,&quot;animation_mobile&quot;:&quot;none&quot;,&quot;animation_delay&quot;:200}\">\n\t\t\t<div class=\"elementor-widget-wrap elementor-element-populated\">\n\t\t\t\t\t\t<div class=\"elementor-element elementor-element-13e77a2 elementor-widget elementor-widget-image\" data-id=\"13e77a2\" data-element_type=\"widget\" data-e-type=\"widget\" data-widget_type=\"image.default\">\n\t\t\t\t<div class=\"elementor-widget-container\">\n\t\t\t\t\t\t\t\t\t\t\t\t\t\t\t<img fetchpriority=\"high\" decoding=\"async\" width=\"1024\" height=\"683\" src=\"https:\/\/yogaeslibertad.com\/wp-content\/uploads\/2023\/10\/IMG_5236-1024x683.jpg\" class=\"attachment-large size-large wp-image-1049\" alt=\"\" srcset=\"https:\/\/yogaeslibertad.com\/wp-content\/uploads\/2023\/10\/IMG_5236-1024x683.jpg 1024w, https:\/\/yogaeslibertad.com\/wp-content\/uploads\/2023\/10\/IMG_5236-300x200.jpg 300w, https:\/\/yogaeslibertad.com\/wp-content\/uploads\/2023\/10\/IMG_5236-768x512.jpg 768w, https:\/\/yogaeslibertad.com\/wp-content\/uploads\/2023\/10\/IMG_5236-1536x1024.jpg 1536w, https:\/\/yogaeslibertad.com\/wp-content\/uploads\/2023\/10\/IMG_5236-2048x1365.jpg 2048w\" sizes=\"(max-width: 1024px) 100vw, 1024px\" \/>\t\t\t\t\t\t\t\t\t\t\t\t\t\t\t<\/div>\n\t\t\t\t<\/div>\n\t\t\t\t\t<\/div>\n\t\t<\/div>\n\t\t\t\t<div class=\"elementor-column elementor-col-33 elementor-inner-column elementor-element elementor-element-18f6805\" data-id=\"18f6805\" data-element_type=\"column\" data-e-type=\"column\">\n\t\t\t<div class=\"elementor-widget-wrap elementor-element-populated\">\n\t\t\t\t\t<div class=\"elementor-background-overlay\"><\/div>\n\t\t\t\t\t\t<div class=\"elementor-element elementor-element-abbb935 animated-slow elementor-invisible elementor-widget elementor-widget-image\" data-id=\"abbb935\" data-element_type=\"widget\" data-e-type=\"widget\" data-settings=\"{&quot;_animation&quot;:&quot;fadeInUp&quot;,&quot;_animation_mobile&quot;:&quot;none&quot;,&quot;_animation_delay&quot;:20}\" data-widget_type=\"image.default\">\n\t\t\t\t<div class=\"elementor-widget-container\">\n\t\t\t\t\t\t\t\t\t\t\t\t\t\t\t<img decoding=\"async\" width=\"137\" height=\"38\" src=\"https:\/\/yogaeslibertad.com\/wp-content\/uploads\/2023\/10\/divis.svg\" class=\"attachment-full size-full wp-image-1025\" alt=\"Yoga es libertad\" \/>\t\t\t\t\t\t\t\t\t\t\t\t\t\t\t<\/div>\n\t\t\t\t<\/div>\n\t\t\t\t<div class=\"elementor-element elementor-element-5dcd463 animated-slow elementor-invisible elementor-widget elementor-widget-heading\" data-id=\"5dcd463\" data-element_type=\"widget\" data-e-type=\"widget\" data-settings=\"{&quot;_animation&quot;:&quot;zoomIn&quot;,&quot;_animation_mobile&quot;:&quot;none&quot;,&quot;_animation_delay&quot;:300}\" data-widget_type=\"heading.default\">\n\t\t\t\t<div class=\"elementor-widget-container\">\n\t\t\t\t\t<h1 class=\"elementor-heading-title elementor-size-default\">Hatha Vinyasa Ioga<\/h1>\t\t\t\t<\/div>\n\t\t\t\t<\/div>\n\t\t\t\t\t<\/div>\n\t\t<\/div>\n\t\t\t\t\t<\/div>\n\t\t<\/section>\n\t\t\t\t<section class=\"elementor-section elementor-inner-section elementor-element elementor-element-ea97ba3 animated-slow elementor-reverse-tablet elementor-reverse-mobile elementor-section-boxed elementor-section-height-default elementor-section-height-default elementor-invisible\" data-id=\"ea97ba3\" data-element_type=\"section\" data-e-type=\"section\" data-settings=\"{&quot;animation&quot;:&quot;fadeInUp&quot;,&quot;animation_mobile&quot;:&quot;none&quot;,&quot;animation_delay&quot;:200}\">\n\t\t\t\t\t\t<div class=\"elementor-container elementor-column-gap-default\">\n\t\t\t\t\t<div class=\"elementor-column elementor-col-33 elementor-inner-column elementor-element elementor-element-eb8f15e\" data-id=\"eb8f15e\" data-element_type=\"column\" data-e-type=\"column\" data-settings=\"{&quot;background_background&quot;:&quot;classic&quot;}\">\n\t\t\t<div class=\"elementor-widget-wrap elementor-element-populated\">\n\t\t\t\t\t\t<div class=\"elementor-element elementor-element-0230c27 animated-slow elementor-invisible elementor-widget elementor-widget-image\" data-id=\"0230c27\" data-element_type=\"widget\" data-e-type=\"widget\" data-settings=\"{&quot;_animation&quot;:&quot;fadeInUp&quot;,&quot;_animation_mobile&quot;:&quot;none&quot;,&quot;_animation_delay&quot;:20}\" data-widget_type=\"image.default\">\n\t\t\t\t<div class=\"elementor-widget-container\">\n\t\t\t\t\t\t\t\t\t\t\t\t\t\t\t<img decoding=\"async\" width=\"137\" height=\"38\" src=\"https:\/\/yogaeslibertad.com\/wp-content\/uploads\/2023\/10\/divis.svg\" class=\"attachment-full size-full wp-image-1025\" alt=\"Yoga es libertad\" \/>\t\t\t\t\t\t\t\t\t\t\t\t\t\t\t<\/div>\n\t\t\t\t<\/div>\n\t\t\t\t<div class=\"elementor-element elementor-element-ca462d2 elementor-invisible elementor-widget elementor-widget-heading\" data-id=\"ca462d2\" data-element_type=\"widget\" data-e-type=\"widget\" data-settings=\"{&quot;_animation&quot;:&quot;zoomIn&quot;,&quot;_animation_mobile&quot;:&quot;none&quot;}\" data-widget_type=\"heading.default\">\n\t\t\t\t<div class=\"elementor-widget-container\">\n\t\t\t\t\t<h3 class=\"elementor-heading-title elementor-size-default\">Reserva una sessi\u00f3 de <br>Hatha Vinyasa Ioga<\/h3>\t\t\t\t<\/div>\n\t\t\t\t<\/div>\n\t\t\t\t<div class=\"elementor-element elementor-element-a105eb3 elementor-align-left elementor-tablet-align-center elementor-invisible elementor-widget elementor-widget-button\" data-id=\"a105eb3\" data-element_type=\"widget\" data-e-type=\"widget\" data-settings=\"{&quot;_animation&quot;:&quot;bounceInUp&quot;,&quot;_animation_mobile&quot;:&quot;none&quot;}\" data-widget_type=\"button.default\">\n\t\t\t\t<div class=\"elementor-widget-container\">\n\t\t\t\t\t\t\t\t\t<div class=\"elementor-button-wrapper\">\n\t\t\t\t\t<a class=\"elementor-button elementor-button-link elementor-size-xl elementor-animation-grow\" href=\"\/ca\/contacte\/\">\n\t\t\t\t\t\t<span class=\"elementor-button-content-wrapper\">\n\t\t\t\t\t\t\t\t\t<span class=\"elementor-button-text\">Reservar<\/span>\n\t\t\t\t\t<\/span>\n\t\t\t\t\t<\/a>\n\t\t\t\t<\/div>\n\t\t\t\t\t\t\t\t<\/div>\n\t\t\t\t<\/div>\n\t\t\t\t\t<\/div>\n\t\t<\/div>\n\t\t\t\t<div class=\"elementor-column elementor-col-66 elementor-inner-column elementor-element elementor-element-a3fccaa\" data-id=\"a3fccaa\" data-element_type=\"column\" data-e-type=\"column\" data-settings=\"{&quot;background_background&quot;:&quot;classic&quot;}\">\n\t\t\t<div class=\"elementor-widget-wrap elementor-element-populated\">\n\t\t\t\t\t<div class=\"elementor-background-overlay\"><\/div>\n\t\t\t\t\t\t<div class=\"elementor-element elementor-element-b1ee069 elementor-widget elementor-widget-heading\" data-id=\"b1ee069\" data-element_type=\"widget\" data-e-type=\"widget\" data-widget_type=\"heading.default\">\n\t\t\t\t<div class=\"elementor-widget-container\">\n\t\t\t\t\t<h2 class=\"elementor-heading-title elementor-size-default\">En qu\u00e8 consisteix una sessi\u00f3 de Hatha Ioga:<\/h2>\t\t\t\t<\/div>\n\t\t\t\t<\/div>\n\t\t\t\t<div class=\"elementor-element elementor-element-2e18d07 elementor-widget elementor-widget-text-editor\" data-id=\"2e18d07\" data-element_type=\"widget\" data-e-type=\"widget\" data-widget_type=\"text-editor.default\">\n\t\t\t\t<div class=\"elementor-widget-container\">\n\t\t\t\t\t\t\t\t\t<p>A trav\u00e9s de l&#8217;execuci\u00f3 lenta de postures i seq\u00fc\u00e8ncies anem desenvolupant la consci\u00e8ncia corporal. Les postures actuen sobre la for\u00e7a, resist\u00e8ncia, flexibilitat i equilibri.<\/p>\n\t\t\t\t\t\t\t\t<\/div>\n\t\t\t\t<\/div>\n\t\t\t\t<div class=\"elementor-element elementor-element-d494a69 elementor-widget elementor-widget-text-editor\" data-id=\"d494a69\" data-element_type=\"widget\" data-e-type=\"widget\" data-widget_type=\"text-editor.default\">\n\t\t\t\t<div class=\"elementor-widget-container\">\n\t\t\t\t\t\t\t\t\t<p>El Ioga com a pr\u00e0ctica \u00e9s una ci\u00e8ncia experimental que cada persona experimenta al seu interior.<\/p>\n\t\t\t\t\t\t\t\t<\/div>\n\t\t\t\t<\/div>\n\t\t\t\t<div class=\"elementor-element elementor-element-970fd2d elementor-widget elementor-widget-text-editor\" data-id=\"970fd2d\" data-element_type=\"widget\" data-e-type=\"widget\" data-widget_type=\"text-editor.default\">\n\t\t\t\t<div class=\"elementor-widget-container\">\n\t\t\t\t\t\t\t\t\t<p>Observem la respiraci\u00f3, n&#8217;explorem les possibilitats a trav\u00e9s d&#8217;exercicis de pranayama i aprenem a sincronitzar-la amb el moviment.<\/p>\n\t\t\t\t\t\t\t\t<\/div>\n\t\t\t\t<\/div>\n\t\t\t\t<div class=\"elementor-element elementor-element-6a0a205 elementor-widget elementor-widget-text-editor\" data-id=\"6a0a205\" data-element_type=\"widget\" data-e-type=\"widget\" data-widget_type=\"text-editor.default\">\n\t\t\t\t<div class=\"elementor-widget-container\">\n\t\t\t\t\t\t\t\t\t<p>La pr\u00e0ctica demana atenci\u00f3, \u00e9s l&#8217;execuci\u00f3 atenta la que et mostrar\u00e0 progressivament l&#8217;enlla\u00e7 entre cos, respiraci\u00f3, actituds i estats de consci\u00e8ncia.<\/p>\n\t\t\t\t\t\t\t\t<\/div>\n\t\t\t\t<\/div>\n\t\t\t\t<div class=\"elementor-element elementor-element-a403e0b elementor-widget elementor-widget-text-editor\" data-id=\"a403e0b\" data-element_type=\"widget\" data-e-type=\"widget\" data-widget_type=\"text-editor.default\">\n\t\t\t\t<div class=\"elementor-widget-container\">\n\t\t\t\t\t\t\t\t\t<p>Si ja tens una pr\u00e0ctica regular, t\u2019acompanyo a sintonitzar amb una col\u00b7locaci\u00f3 mental com a testimoni intern del proc\u00e9s, que va constatant les contraccions, tensions, resist\u00e8ncies, densitat o el desplegament d&#8217;una certa transpar\u00e8ncia.<\/p>\n\t\t\t\t\t\t\t\t<\/div>\n\t\t\t\t<\/div>\n\t\t\t\t<div class=\"elementor-element elementor-element-1680f1b elementor-widget elementor-widget-text-editor\" data-id=\"1680f1b\" data-element_type=\"widget\" data-e-type=\"widget\" data-widget_type=\"text-editor.default\">\n\t\t\t\t<div class=\"elementor-widget-container\">\n\t\t\t\t\t\t\t\t\t<p>Si ets principiant i aquestes paraules et resulten una mica abstractes, no et preocupis, \u00e9s com intentar explicar una aroma. Comen\u00e7a i la mateixa pr\u00e0ctica t&#8217;anir\u00e0 desvetllant el sentit.<\/p>\n\t\t\t\t\t\t\t\t<\/div>\n\t\t\t\t<\/div>\n\t\t\t\t\t<\/div>\n\t\t<\/div>\n\t\t\t\t\t<\/div>\n\t\t<\/section>\n\t\t\t\t\t<\/div>\n\t\t<\/div>\n\t\t\t\t\t<\/div>\n\t\t<\/section>\n\t\t\t\t<section class=\"elementor-section elementor-top-section elementor-element elementor-element-21bae28 elementor-section-full_width elementor-section-height-default elementor-section-height-default\" data-id=\"21bae28\" data-element_type=\"section\" data-e-type=\"section\">\n\t\t\t\t\t\t<div class=\"elementor-container elementor-column-gap-no\">\n\t\t\t\t\t<div class=\"elementor-column elementor-col-100 elementor-top-column elementor-element elementor-element-96ee644\" data-id=\"96ee644\" data-element_type=\"column\" data-e-type=\"column\">\n\t\t\t<div class=\"elementor-widget-wrap elementor-element-populated\">\n\t\t\t\t\t\t<div class=\"elementor-element elementor-element-3aff888 elementor-arrows-position-inside elementor-widget elementor-widget-image-carousel\" data-id=\"3aff888\" data-element_type=\"widget\" data-e-type=\"widget\" data-settings=\"{&quot;slides_to_show&quot;:&quot;1&quot;,&quot;navigation&quot;:&quot;arrows&quot;,&quot;autoplay&quot;:&quot;yes&quot;,&quot;pause_on_hover&quot;:&quot;yes&quot;,&quot;pause_on_interaction&quot;:&quot;yes&quot;,&quot;autoplay_speed&quot;:5000,&quot;infinite&quot;:&quot;yes&quot;,&quot;effect&quot;:&quot;slide&quot;,&quot;speed&quot;:500}\" data-widget_type=\"image-carousel.default\">\n\t\t\t\t<div class=\"elementor-widget-container\">\n\t\t\t\t\t\t\t<div class=\"elementor-image-carousel-wrapper swiper\" role=\"region\" aria-roledescription=\"carousel\" aria-label=\"Carrusel d&#039;imatges\" dir=\"ltr\">\n\t\t\t<div class=\"elementor-image-carousel swiper-wrapper\" aria-live=\"off\">\n\t\t\t\t\t\t\t\t<div class=\"swiper-slide\" role=\"group\" aria-roledescription=\"slide\" aria-label=\"1 de 13\"><a data-elementor-open-lightbox=\"yes\" data-elementor-lightbox-slideshow=\"3aff888\" data-elementor-lightbox-title=\"F_LIB_005_0473\" data-e-action-hash=\"#elementor-action%3Aaction%3Dlightbox%26settings%3DeyJpZCI6MTA0NSwidXJsIjoiaHR0cHM6XC9cL3lvZ2Flc2xpYmVydGFkLmNvbVwvd3AtY29udGVudFwvdXBsb2Fkc1wvMjAyM1wvMTBcL0ZfTElCXzAwNV8wNDczLXNjYWxlZC5qcGciLCJzbGlkZXNob3ciOiIzYWZmODg4In0%3D\" href=\"https:\/\/yogaeslibertad.com\/wp-content\/uploads\/2023\/10\/F_LIB_005_0473-scaled.jpg\"><figure class=\"swiper-slide-inner\"><img decoding=\"async\" class=\"swiper-slide-image\" src=\"https:\/\/yogaeslibertad.com\/wp-content\/uploads\/2023\/10\/F_LIB_005_0473-scaled.jpg\" alt=\"F_LIB_005_0473\" \/><\/figure><\/a><\/div><div class=\"swiper-slide\" role=\"group\" aria-roledescription=\"slide\" aria-label=\"2 de 13\"><a data-elementor-open-lightbox=\"yes\" data-elementor-lightbox-slideshow=\"3aff888\" data-elementor-lightbox-title=\"IMG_5214\" data-e-action-hash=\"#elementor-action%3Aaction%3Dlightbox%26settings%3DeyJpZCI6MTA0NywidXJsIjoiaHR0cHM6XC9cL3lvZ2Flc2xpYmVydGFkLmNvbVwvd3AtY29udGVudFwvdXBsb2Fkc1wvMjAyM1wvMTBcL0lNR181MjE0LXNjYWxlZC5qcGciLCJzbGlkZXNob3ciOiIzYWZmODg4In0%3D\" href=\"https:\/\/yogaeslibertad.com\/wp-content\/uploads\/2023\/10\/IMG_5214-scaled.jpg\"><figure class=\"swiper-slide-inner\"><img decoding=\"async\" class=\"swiper-slide-image\" src=\"https:\/\/yogaeslibertad.com\/wp-content\/uploads\/2023\/10\/IMG_5214-scaled.jpg\" alt=\"IMG_5214\" \/><\/figure><\/a><\/div><div class=\"swiper-slide\" role=\"group\" aria-roledescription=\"slide\" aria-label=\"3 de 13\"><a data-elementor-open-lightbox=\"yes\" data-elementor-lightbox-slideshow=\"3aff888\" data-elementor-lightbox-title=\"IMG_5236\" data-e-action-hash=\"#elementor-action%3Aaction%3Dlightbox%26settings%3DeyJpZCI6MTA0OSwidXJsIjoiaHR0cHM6XC9cL3lvZ2Flc2xpYmVydGFkLmNvbVwvd3AtY29udGVudFwvdXBsb2Fkc1wvMjAyM1wvMTBcL0lNR181MjM2LXNjYWxlZC5qcGciLCJzbGlkZXNob3ciOiIzYWZmODg4In0%3D\" href=\"https:\/\/yogaeslibertad.com\/wp-content\/uploads\/2023\/10\/IMG_5236-scaled.jpg\"><figure class=\"swiper-slide-inner\"><img decoding=\"async\" class=\"swiper-slide-image\" src=\"https:\/\/yogaeslibertad.com\/wp-content\/uploads\/2023\/10\/IMG_5236-scaled.jpg\" alt=\"IMG_5236\" \/><\/figure><\/a><\/div><div class=\"swiper-slide\" role=\"group\" aria-roledescription=\"slide\" aria-label=\"4 de 13\"><a data-elementor-open-lightbox=\"yes\" data-elementor-lightbox-slideshow=\"3aff888\" data-elementor-lightbox-title=\"IMG_5239\" data-e-action-hash=\"#elementor-action%3Aaction%3Dlightbox%26settings%3DeyJpZCI6MTA1MSwidXJsIjoiaHR0cHM6XC9cL3lvZ2Flc2xpYmVydGFkLmNvbVwvd3AtY29udGVudFwvdXBsb2Fkc1wvMjAyM1wvMTBcL0lNR181MjM5LTEtc2NhbGVkLmpwZyIsInNsaWRlc2hvdyI6IjNhZmY4ODgifQ%3D%3D\" href=\"https:\/\/yogaeslibertad.com\/wp-content\/uploads\/2023\/10\/IMG_5239-1-scaled.jpg\"><figure class=\"swiper-slide-inner\"><img decoding=\"async\" class=\"swiper-slide-image\" src=\"https:\/\/yogaeslibertad.com\/wp-content\/uploads\/2023\/10\/IMG_5239-1-scaled.jpg\" alt=\"IMG_5239\" \/><\/figure><\/a><\/div><div class=\"swiper-slide\" role=\"group\" aria-roledescription=\"slide\" aria-label=\"5 de 13\"><a data-elementor-open-lightbox=\"yes\" data-elementor-lightbox-slideshow=\"3aff888\" data-elementor-lightbox-title=\"IMG_5251\" data-e-action-hash=\"#elementor-action%3Aaction%3Dlightbox%26settings%3DeyJpZCI6MTA1MywidXJsIjoiaHR0cHM6XC9cL3lvZ2Flc2xpYmVydGFkLmNvbVwvd3AtY29udGVudFwvdXBsb2Fkc1wvMjAyM1wvMTBcL0lNR181MjUxLTEtc2NhbGVkLmpwZyIsInNsaWRlc2hvdyI6IjNhZmY4ODgifQ%3D%3D\" href=\"https:\/\/yogaeslibertad.com\/wp-content\/uploads\/2023\/10\/IMG_5251-1-scaled.jpg\"><figure class=\"swiper-slide-inner\"><img decoding=\"async\" class=\"swiper-slide-image\" src=\"https:\/\/yogaeslibertad.com\/wp-content\/uploads\/2023\/10\/IMG_5251-1-scaled.jpg\" alt=\"IMG_5251\" \/><\/figure><\/a><\/div><div class=\"swiper-slide\" role=\"group\" aria-roledescription=\"slide\" aria-label=\"6 de 13\"><a data-elementor-open-lightbox=\"yes\" data-elementor-lightbox-slideshow=\"3aff888\" data-elementor-lightbox-title=\"IMG_5313\" data-e-action-hash=\"#elementor-action%3Aaction%3Dlightbox%26settings%3DeyJpZCI6MTA1NSwidXJsIjoiaHR0cHM6XC9cL3lvZ2Flc2xpYmVydGFkLmNvbVwvd3AtY29udGVudFwvdXBsb2Fkc1wvMjAyM1wvMTBcL0lNR181MzEzLTEtc2NhbGVkLmpwZyIsInNsaWRlc2hvdyI6IjNhZmY4ODgifQ%3D%3D\" href=\"https:\/\/yogaeslibertad.com\/wp-content\/uploads\/2023\/10\/IMG_5313-1-scaled.jpg\"><figure class=\"swiper-slide-inner\"><img decoding=\"async\" class=\"swiper-slide-image\" src=\"https:\/\/yogaeslibertad.com\/wp-content\/uploads\/2023\/10\/IMG_5313-1-scaled.jpg\" alt=\"IMG_5313\" \/><\/figure><\/a><\/div><div class=\"swiper-slide\" role=\"group\" aria-roledescription=\"slide\" aria-label=\"7 de 13\"><a data-elementor-open-lightbox=\"yes\" data-elementor-lightbox-slideshow=\"3aff888\" data-elementor-lightbox-title=\"IMG_5326\" data-e-action-hash=\"#elementor-action%3Aaction%3Dlightbox%26settings%3DeyJpZCI6MTA1NywidXJsIjoiaHR0cHM6XC9cL3lvZ2Flc2xpYmVydGFkLmNvbVwvd3AtY29udGVudFwvdXBsb2Fkc1wvMjAyM1wvMTBcL0lNR181MzI2LXNjYWxlZC5qcGciLCJzbGlkZXNob3ciOiIzYWZmODg4In0%3D\" href=\"https:\/\/yogaeslibertad.com\/wp-content\/uploads\/2023\/10\/IMG_5326-scaled.jpg\"><figure class=\"swiper-slide-inner\"><img decoding=\"async\" class=\"swiper-slide-image\" src=\"https:\/\/yogaeslibertad.com\/wp-content\/uploads\/2023\/10\/IMG_5326-scaled.jpg\" alt=\"IMG_5326\" \/><\/figure><\/a><\/div><div class=\"swiper-slide\" role=\"group\" aria-roledescription=\"slide\" aria-label=\"8 de 13\"><a data-elementor-open-lightbox=\"yes\" data-elementor-lightbox-slideshow=\"3aff888\" data-elementor-lightbox-title=\"IMG_5329\" data-e-action-hash=\"#elementor-action%3Aaction%3Dlightbox%26settings%3DeyJpZCI6MTA2MCwidXJsIjoiaHR0cHM6XC9cL3lvZ2Flc2xpYmVydGFkLmNvbVwvd3AtY29udGVudFwvdXBsb2Fkc1wvMjAyM1wvMTBcL0lNR181MzI5LXNjYWxlZC5qcGciLCJzbGlkZXNob3ciOiIzYWZmODg4In0%3D\" href=\"https:\/\/yogaeslibertad.com\/wp-content\/uploads\/2023\/10\/IMG_5329-scaled.jpg\"><figure class=\"swiper-slide-inner\"><img decoding=\"async\" class=\"swiper-slide-image\" src=\"https:\/\/yogaeslibertad.com\/wp-content\/uploads\/2023\/10\/IMG_5329-scaled.jpg\" alt=\"IMG_5329\" \/><\/figure><\/a><\/div><div class=\"swiper-slide\" role=\"group\" aria-roledescription=\"slide\" aria-label=\"9 de 13\"><a data-elementor-open-lightbox=\"yes\" data-elementor-lightbox-slideshow=\"3aff888\" data-elementor-lightbox-title=\"IMG_5372\" data-e-action-hash=\"#elementor-action%3Aaction%3Dlightbox%26settings%3DeyJpZCI6MTA2MiwidXJsIjoiaHR0cHM6XC9cL3lvZ2Flc2xpYmVydGFkLmNvbVwvd3AtY29udGVudFwvdXBsb2Fkc1wvMjAyM1wvMTBcL0lNR181MzcyLXNjYWxlZC5qcGciLCJzbGlkZXNob3ciOiIzYWZmODg4In0%3D\" href=\"https:\/\/yogaeslibertad.com\/wp-content\/uploads\/2023\/10\/IMG_5372-scaled.jpg\"><figure class=\"swiper-slide-inner\"><img decoding=\"async\" class=\"swiper-slide-image\" src=\"https:\/\/yogaeslibertad.com\/wp-content\/uploads\/2023\/10\/IMG_5372-scaled.jpg\" alt=\"IMG_5372\" \/><\/figure><\/a><\/div><div class=\"swiper-slide\" role=\"group\" aria-roledescription=\"slide\" aria-label=\"10 de 13\"><a data-elementor-open-lightbox=\"yes\" data-elementor-lightbox-slideshow=\"3aff888\" data-elementor-lightbox-title=\"IMG_5376\" data-e-action-hash=\"#elementor-action%3Aaction%3Dlightbox%26settings%3DeyJpZCI6MTA2NCwidXJsIjoiaHR0cHM6XC9cL3lvZ2Flc2xpYmVydGFkLmNvbVwvd3AtY29udGVudFwvdXBsb2Fkc1wvMjAyM1wvMTBcL0lNR181Mzc2LXNjYWxlZC5qcGciLCJzbGlkZXNob3ciOiIzYWZmODg4In0%3D\" href=\"https:\/\/yogaeslibertad.com\/wp-content\/uploads\/2023\/10\/IMG_5376-scaled.jpg\"><figure class=\"swiper-slide-inner\"><img decoding=\"async\" class=\"swiper-slide-image\" src=\"https:\/\/yogaeslibertad.com\/wp-content\/uploads\/2023\/10\/IMG_5376-scaled.jpg\" alt=\"IMG_5376\" \/><\/figure><\/a><\/div><div class=\"swiper-slide\" role=\"group\" aria-roledescription=\"slide\" aria-label=\"11 de 13\"><a data-elementor-open-lightbox=\"yes\" data-elementor-lightbox-slideshow=\"3aff888\" data-elementor-lightbox-title=\"IMG_5392\" data-e-action-hash=\"#elementor-action%3Aaction%3Dlightbox%26settings%3DeyJpZCI6MTA2NiwidXJsIjoiaHR0cHM6XC9cL3lvZ2Flc2xpYmVydGFkLmNvbVwvd3AtY29udGVudFwvdXBsb2Fkc1wvMjAyM1wvMTBcL0lNR181MzkyLTEtc2NhbGVkLmpwZyIsInNsaWRlc2hvdyI6IjNhZmY4ODgifQ%3D%3D\" href=\"https:\/\/yogaeslibertad.com\/wp-content\/uploads\/2023\/10\/IMG_5392-1-scaled.jpg\"><figure class=\"swiper-slide-inner\"><img decoding=\"async\" class=\"swiper-slide-image\" src=\"https:\/\/yogaeslibertad.com\/wp-content\/uploads\/2023\/10\/IMG_5392-1-scaled.jpg\" alt=\"IMG_5392\" \/><\/figure><\/a><\/div><div class=\"swiper-slide\" role=\"group\" aria-roledescription=\"slide\" aria-label=\"12 de 13\"><a data-elementor-open-lightbox=\"yes\" data-elementor-lightbox-slideshow=\"3aff888\" data-elementor-lightbox-title=\"IMG_5854\" data-e-action-hash=\"#elementor-action%3Aaction%3Dlightbox%26settings%3DeyJpZCI6MTE1MiwidXJsIjoiaHR0cHM6XC9cL3lvZ2Flc2xpYmVydGFkLmNvbVwvd3AtY29udGVudFwvdXBsb2Fkc1wvMjAyM1wvMTBcL0lNR181ODU0LXNjYWxlZC5qcGciLCJzbGlkZXNob3ciOiIzYWZmODg4In0%3D\" href=\"https:\/\/yogaeslibertad.com\/wp-content\/uploads\/2023\/10\/IMG_5854-scaled.jpg\"><figure class=\"swiper-slide-inner\"><img decoding=\"async\" class=\"swiper-slide-image\" src=\"https:\/\/yogaeslibertad.com\/wp-content\/uploads\/2023\/10\/IMG_5854-scaled.jpg\" alt=\"IMG_5854\" \/><\/figure><\/a><\/div><div class=\"swiper-slide\" role=\"group\" aria-roledescription=\"slide\" aria-label=\"13 de 13\"><a data-elementor-open-lightbox=\"yes\" data-elementor-lightbox-slideshow=\"3aff888\" data-elementor-lightbox-title=\"IMG_5841\" data-e-action-hash=\"#elementor-action%3Aaction%3Dlightbox%26settings%3DeyJpZCI6MTE1MCwidXJsIjoiaHR0cHM6XC9cL3lvZ2Flc2xpYmVydGFkLmNvbVwvd3AtY29udGVudFwvdXBsb2Fkc1wvMjAyM1wvMTBcL0lNR181ODQxLXNjYWxlZC5qcGciLCJzbGlkZXNob3ciOiIzYWZmODg4In0%3D\" href=\"https:\/\/yogaeslibertad.com\/wp-content\/uploads\/2023\/10\/IMG_5841-scaled.jpg\"><figure class=\"swiper-slide-inner\"><img decoding=\"async\" class=\"swiper-slide-image\" src=\"https:\/\/yogaeslibertad.com\/wp-content\/uploads\/2023\/10\/IMG_5841-scaled.jpg\" alt=\"IMG_5841\" \/><\/figure><\/a><\/div>\t\t\t<\/div>\n\t\t\t\t\t\t\t\t\t\t\t\t<div class=\"elementor-swiper-button elementor-swiper-button-prev\" role=\"button\" tabindex=\"0\">\n\t\t\t\t\t\t<i aria-hidden=\"true\" class=\"eicon-chevron-left\"><\/i>\t\t\t\t\t<\/div>\n\t\t\t\t\t<div class=\"elementor-swiper-button elementor-swiper-button-next\" role=\"button\" tabindex=\"0\">\n\t\t\t\t\t\t<i aria-hidden=\"true\" class=\"eicon-chevron-right\"><\/i>\t\t\t\t\t<\/div>\n\t\t\t\t\n\t\t\t\t\t\t\t\t\t<\/div>\n\t\t\t\t\t\t<\/div>\n\t\t\t\t<\/div>\n\t\t\t\t\t<\/div>\n\t\t<\/div>\n\t\t\t\t\t<\/div>\n\t\t<\/section>\n\t\t\t\t<\/div>\n\t\t","protected":false},"excerpt":{"rendered":"<p>Hatha Vinyasa Ioga Reserva una sessi\u00f3 de Hatha Vinyasa Ioga Reservar En qu\u00e8 consisteix una sessi\u00f3 de Hatha Ioga: A trav\u00e9s de l&#8217;execuci\u00f3 lenta de postures i seq\u00fc\u00e8ncies anem desenvolupant la consci\u00e8ncia corporal. Les postures actuen sobre la for\u00e7a, resist\u00e8ncia, flexibilitat i equilibri. El Ioga com a pr\u00e0ctica \u00e9s una ci\u00e8ncia experimental que cada persona [&hellip;]<\/p>\n","protected":false},"author":1,"featured_media":0,"parent":0,"menu_order":0,"comment_status":"closed","ping_status":"closed","template":"page-templates\/pagebuilder.php","meta":{"inline_featured_image":false,"footnotes":""},"class_list":["post-1261","page","type-page","status-publish","hentry"],"_links":{"self":[{"href":"https:\/\/yogaeslibertad.com\/ca\/wp-json\/wp\/v2\/pages\/1261","targetHints":{"allow":["GET"]}}],"collection":[{"href":"https:\/\/yogaeslibertad.com\/ca\/wp-json\/wp\/v2\/pages"}],"about":[{"href":"https:\/\/yogaeslibertad.com\/ca\/wp-json\/wp\/v2\/types\/page"}],"author":[{"embeddable":true,"href":"https:\/\/yogaeslibertad.com\/ca\/wp-json\/wp\/v2\/users\/1"}],"replies":[{"embeddable":true,"href":"https:\/\/yogaeslibertad.com\/ca\/wp-json\/wp\/v2\/comments?post=1261"}],"version-history":[{"count":8,"href":"https:\/\/yogaeslibertad.com\/ca\/wp-json\/wp\/v2\/pages\/1261\/revisions"}],"predecessor-version":[{"id":1475,"href":"https:\/\/yogaeslibertad.com\/ca\/wp-json\/wp\/v2\/pages\/1261\/revisions\/1475"}],"wp:attachment":[{"href":"https:\/\/yogaeslibertad.com\/ca\/wp-json\/wp\/v2\/media?parent=1261"}],"curies":[{"name":"wp","href":"https:\/\/api.w.org\/{rel}","templated":true}]}}