{"id":1267,"date":"2023-10-09T12:06:30","date_gmt":"2023-10-09T10:06:30","guid":{"rendered":"https:\/\/liber.crealogica.eu\/massatge-aym\/"},"modified":"2023-11-21T07:13:56","modified_gmt":"2023-11-21T06:13:56","slug":"massatge-aym","status":"publish","type":"page","link":"https:\/\/yogaeslibertad.com\/ca\/massatge-aym\/","title":{"rendered":"Massatge AYM"},"content":{"rendered":"\t\t<div data-elementor-type=\"wp-page\" data-elementor-id=\"1267\" class=\"elementor elementor-1267 elementor-94\">\n\t\t\t\t\t\t<section class=\"elementor-section elementor-top-section elementor-element elementor-element-68016a1b elementor-section-full_width elementor-section-height-default elementor-section-height-default\" data-id=\"68016a1b\" data-element_type=\"section\" data-e-type=\"section\" data-settings=\"{&quot;background_background&quot;:&quot;classic&quot;}\">\n\t\t\t\t\t\t<div class=\"elementor-container elementor-column-gap-default\">\n\t\t\t\t\t<div class=\"elementor-column elementor-col-100 elementor-top-column elementor-element elementor-element-69348cb9\" data-id=\"69348cb9\" data-element_type=\"column\" data-e-type=\"column\">\n\t\t\t<div class=\"elementor-widget-wrap elementor-element-populated\">\n\t\t\t\t\t\t<section class=\"elementor-section elementor-inner-section elementor-element elementor-element-7f4c17e3 animated-slow elementor-section-boxed elementor-section-height-default elementor-section-height-default elementor-invisible\" data-id=\"7f4c17e3\" data-element_type=\"section\" data-e-type=\"section\" data-settings=\"{&quot;animation&quot;:&quot;fadeInUp&quot;,&quot;animation_mobile&quot;:&quot;none&quot;,&quot;animation_delay&quot;:200}\">\n\t\t\t\t\t\t<div class=\"elementor-container elementor-column-gap-no\">\n\t\t\t\t\t<div class=\"elementor-column elementor-col-66 elementor-inner-column elementor-element elementor-element-7f212228 animated-slow elementor-invisible\" data-id=\"7f212228\" data-element_type=\"column\" data-e-type=\"column\" data-settings=\"{&quot;background_background&quot;:&quot;classic&quot;,&quot;animation&quot;:&quot;fadeInLeft&quot;,&quot;animation_mobile&quot;:&quot;none&quot;,&quot;animation_delay&quot;:200}\">\n\t\t\t<div class=\"elementor-widget-wrap elementor-element-populated\">\n\t\t\t\t\t\t<div class=\"elementor-element elementor-element-747d6b0e elementor-widget elementor-widget-image\" data-id=\"747d6b0e\" data-element_type=\"widget\" data-e-type=\"widget\" data-widget_type=\"image.default\">\n\t\t\t\t<div class=\"elementor-widget-container\">\n\t\t\t\t\t\t\t\t\t\t\t\t\t\t\t<img fetchpriority=\"high\" decoding=\"async\" width=\"1024\" height=\"683\" src=\"https:\/\/yogaeslibertad.com\/wp-content\/uploads\/2023\/10\/IMG_5529-1024x683.jpg\" class=\"attachment-large size-large wp-image-1096\" alt=\"\" srcset=\"https:\/\/yogaeslibertad.com\/wp-content\/uploads\/2023\/10\/IMG_5529-1024x683.jpg 1024w, https:\/\/yogaeslibertad.com\/wp-content\/uploads\/2023\/10\/IMG_5529-300x200.jpg 300w, https:\/\/yogaeslibertad.com\/wp-content\/uploads\/2023\/10\/IMG_5529-768x512.jpg 768w, https:\/\/yogaeslibertad.com\/wp-content\/uploads\/2023\/10\/IMG_5529.jpg 1080w\" sizes=\"(max-width: 1024px) 100vw, 1024px\" \/>\t\t\t\t\t\t\t\t\t\t\t\t\t\t\t<\/div>\n\t\t\t\t<\/div>\n\t\t\t\t\t<\/div>\n\t\t<\/div>\n\t\t\t\t<div class=\"elementor-column elementor-col-33 elementor-inner-column elementor-element elementor-element-1381a0a7\" data-id=\"1381a0a7\" data-element_type=\"column\" data-e-type=\"column\">\n\t\t\t<div class=\"elementor-widget-wrap elementor-element-populated\">\n\t\t\t\t\t<div class=\"elementor-background-overlay\"><\/div>\n\t\t\t\t\t\t<div class=\"elementor-element elementor-element-2acd4e76 animated-slow elementor-invisible elementor-widget elementor-widget-image\" data-id=\"2acd4e76\" data-element_type=\"widget\" data-e-type=\"widget\" data-settings=\"{&quot;_animation&quot;:&quot;fadeInUp&quot;,&quot;_animation_mobile&quot;:&quot;none&quot;,&quot;_animation_delay&quot;:20}\" data-widget_type=\"image.default\">\n\t\t\t\t<div class=\"elementor-widget-container\">\n\t\t\t\t\t\t\t\t\t\t\t\t\t\t\t<img decoding=\"async\" width=\"137\" height=\"38\" src=\"https:\/\/yogaeslibertad.com\/wp-content\/uploads\/2023\/10\/divis.svg\" class=\"attachment-full size-full wp-image-1025\" alt=\"Yoga es libertad\" \/>\t\t\t\t\t\t\t\t\t\t\t\t\t\t\t<\/div>\n\t\t\t\t<\/div>\n\t\t\t\t<div class=\"elementor-element elementor-element-43cbf151 animated-slow elementor-invisible elementor-widget elementor-widget-heading\" data-id=\"43cbf151\" data-element_type=\"widget\" data-e-type=\"widget\" data-settings=\"{&quot;_animation&quot;:&quot;zoomIn&quot;,&quot;_animation_mobile&quot;:&quot;none&quot;,&quot;_animation_delay&quot;:300}\" data-widget_type=\"heading.default\">\n\t\t\t\t<div class=\"elementor-widget-container\">\n\t\t\t\t\t<h1 class=\"elementor-heading-title elementor-size-default\">Massatge Aym<\/h1>\t\t\t\t<\/div>\n\t\t\t\t<\/div>\n\t\t\t\t\t<\/div>\n\t\t<\/div>\n\t\t\t\t\t<\/div>\n\t\t<\/section>\n\t\t\t\t<section class=\"elementor-section elementor-inner-section elementor-element elementor-element-542236f7 animated-slow elementor-reverse-tablet elementor-reverse-mobile elementor-section-boxed elementor-section-height-default elementor-section-height-default elementor-invisible\" data-id=\"542236f7\" data-element_type=\"section\" data-e-type=\"section\" data-settings=\"{&quot;animation&quot;:&quot;fadeInUp&quot;,&quot;animation_mobile&quot;:&quot;none&quot;,&quot;animation_delay&quot;:200}\">\n\t\t\t\t\t\t<div class=\"elementor-container elementor-column-gap-default\">\n\t\t\t\t\t<div class=\"elementor-column elementor-col-33 elementor-inner-column elementor-element elementor-element-7801e690\" data-id=\"7801e690\" data-element_type=\"column\" data-e-type=\"column\" data-settings=\"{&quot;background_background&quot;:&quot;classic&quot;}\">\n\t\t\t<div class=\"elementor-widget-wrap elementor-element-populated\">\n\t\t\t\t\t\t<div class=\"elementor-element elementor-element-384fb7d7 animated-slow elementor-invisible elementor-widget elementor-widget-image\" data-id=\"384fb7d7\" data-element_type=\"widget\" data-e-type=\"widget\" data-settings=\"{&quot;_animation&quot;:&quot;fadeInUp&quot;,&quot;_animation_mobile&quot;:&quot;none&quot;,&quot;_animation_delay&quot;:20}\" data-widget_type=\"image.default\">\n\t\t\t\t<div class=\"elementor-widget-container\">\n\t\t\t\t\t\t\t\t\t\t\t\t\t\t\t<img decoding=\"async\" width=\"137\" height=\"38\" src=\"https:\/\/yogaeslibertad.com\/wp-content\/uploads\/2023\/10\/divis.svg\" class=\"attachment-full size-full wp-image-1025\" alt=\"Yoga es libertad\" \/>\t\t\t\t\t\t\t\t\t\t\t\t\t\t\t<\/div>\n\t\t\t\t<\/div>\n\t\t\t\t<div class=\"elementor-element elementor-element-586676dc elementor-invisible elementor-widget elementor-widget-heading\" data-id=\"586676dc\" data-element_type=\"widget\" data-e-type=\"widget\" data-settings=\"{&quot;_animation&quot;:&quot;zoomIn&quot;,&quot;_animation_mobile&quot;:&quot;none&quot;}\" data-widget_type=\"heading.default\">\n\t\t\t\t<div class=\"elementor-widget-container\">\n\t\t\t\t\t<h3 class=\"elementor-heading-title elementor-size-default\">Reserva una sessi\u00f3 de<br>Massatge Aym<\/h3>\t\t\t\t<\/div>\n\t\t\t\t<\/div>\n\t\t\t\t<div class=\"elementor-element elementor-element-480ec971 elementor-align-left elementor-tablet-align-center elementor-invisible elementor-widget elementor-widget-button\" data-id=\"480ec971\" data-element_type=\"widget\" data-e-type=\"widget\" data-settings=\"{&quot;_animation&quot;:&quot;bounceInUp&quot;,&quot;_animation_mobile&quot;:&quot;none&quot;}\" data-widget_type=\"button.default\">\n\t\t\t\t<div class=\"elementor-widget-container\">\n\t\t\t\t\t\t\t\t\t<div class=\"elementor-button-wrapper\">\n\t\t\t\t\t<a class=\"elementor-button elementor-button-link elementor-size-xl elementor-animation-grow\" href=\"\/ca\/contacte\/\">\n\t\t\t\t\t\t<span class=\"elementor-button-content-wrapper\">\n\t\t\t\t\t\t\t\t\t<span class=\"elementor-button-text\">Reservar<\/span>\n\t\t\t\t\t<\/span>\n\t\t\t\t\t<\/a>\n\t\t\t\t<\/div>\n\t\t\t\t\t\t\t\t<\/div>\n\t\t\t\t<\/div>\n\t\t\t\t\t<\/div>\n\t\t<\/div>\n\t\t\t\t<div class=\"elementor-column elementor-col-66 elementor-inner-column elementor-element elementor-element-6d7f395d\" data-id=\"6d7f395d\" data-element_type=\"column\" data-e-type=\"column\" data-settings=\"{&quot;background_background&quot;:&quot;classic&quot;}\">\n\t\t\t<div class=\"elementor-widget-wrap elementor-element-populated\">\n\t\t\t\t\t<div class=\"elementor-background-overlay\"><\/div>\n\t\t\t\t\t\t<div class=\"elementor-element elementor-element-30c9719d elementor-widget elementor-widget-heading\" data-id=\"30c9719d\" data-element_type=\"widget\" data-e-type=\"widget\" data-widget_type=\"heading.default\">\n\t\t\t\t<div class=\"elementor-widget-container\">\n\t\t\t\t\t<h2 class=\"elementor-heading-title elementor-size-default\">AYM s\u00f3n les sigles d'Ayurvedic Yoga Massage<\/h2>\t\t\t\t<\/div>\n\t\t\t\t<\/div>\n\t\t\t\t<div class=\"elementor-element elementor-element-84400ce elementor-widget elementor-widget-text-editor\" data-id=\"84400ce\" data-element_type=\"widget\" data-e-type=\"widget\" data-widget_type=\"text-editor.default\">\n\t\t\t\t<div class=\"elementor-widget-container\">\n\t\t\t\t\t\t\t\t\t<p>La ter\u00e0pia AYM \u00e9s una meravellosa combinaci\u00f3 de massatge aiurveda tradicional i estiraments assistits de Ioga.<\/p>\n\t\t\t\t\t\t\t\t<\/div>\n\t\t\t\t<\/div>\n\t\t\t\t<div class=\"elementor-element elementor-element-22284cfa elementor-widget elementor-widget-text-editor\" data-id=\"22284cfa\" data-element_type=\"widget\" data-e-type=\"widget\" data-widget_type=\"text-editor.default\">\n\t\t\t\t<div class=\"elementor-widget-container\">\n\t\t\t\t\t\t\t\t\t<p>El massatge es realitza en un matal\u00e0s a terra, utilitzant una petita quantitat d&#8217;oli vegetal i pols de c\u00e0lam, que s&#8217;apliquen amb moviments lents i profunds de les mans i els peus.<\/p>\n\t\t\t\t\t\t\t\t<\/div>\n\t\t\t\t<\/div>\n\t\t\t\t<div class=\"elementor-element elementor-element-42d0fff elementor-widget elementor-widget-text-editor\" data-id=\"42d0fff\" data-element_type=\"widget\" data-e-type=\"widget\" data-widget_type=\"text-editor.default\">\n\t\t\t\t<div class=\"elementor-widget-container\">\n\t\t\t\t\t\t\t\t\t<p>\u00c9s un massatge desintoxicant, que penetra als teixits m\u00e9s profunds dels m\u00fasculs, tendons i f\u00e0scia i en qu\u00e8 s&#8217;acompanya a la consci\u00e8ncia respirat\u00f2ria.<\/p>\n\t\t\t\t\t\t\t\t<\/div>\n\t\t\t\t<\/div>\n\t\t\t\t<div class=\"elementor-element elementor-element-538ab460 elementor-widget elementor-widget-text-editor\" data-id=\"538ab460\" data-element_type=\"widget\" data-e-type=\"widget\" data-widget_type=\"text-editor.default\">\n\t\t\t\t<div class=\"elementor-widget-container\">\n\t\t\t\t\t\t\t\t\t<p>A m\u00e9s, en el m\u00e8tode AYM es realitzen estiraments passius de ioga, adaptats a les teves necessitats individuals.<\/p>\n\t\t\t\t\t\t\t\t<\/div>\n\t\t\t\t<\/div>\n\t\t\t\t<div class=\"elementor-element elementor-element-2f315913 elementor-widget elementor-widget-text-editor\" data-id=\"2f315913\" data-element_type=\"widget\" data-e-type=\"widget\" data-widget_type=\"text-editor.default\">\n\t\t\t\t<div class=\"elementor-widget-container\">\n\t\t\t\t\t\t\t\t\t<p>El massatge \u00e9s molt indicat per alliberar tensi\u00f3 muscular, ajuda a alleujar l&#8217;estr\u00e8s i proporciona una sensaci\u00f3 profunda d&#8217;obertura i benestar a nivell f\u00edsic, mental i emocional.<\/p>\n\t\t\t\t\t\t\t\t<\/div>\n\t\t\t\t<\/div>\n\t\t\t\t<div class=\"elementor-element elementor-element-2a5e141d elementor-widget elementor-widget-text-editor\" data-id=\"2a5e141d\" data-element_type=\"widget\" data-e-type=\"widget\" data-widget_type=\"text-editor.default\">\n\t\t\t\t<div class=\"elementor-widget-container\">\n\t\t\t\t\t\t\t\t\t<p>\u00c9s un complement fant\u00e0stic tamb\u00e9 per a qualsevol de les altres pr\u00e0ctiques de ioga.<\/p>\n\t\t\t\t\t\t\t\t<\/div>\n\t\t\t\t<\/div>\n\t\t\t\t\t<\/div>\n\t\t<\/div>\n\t\t\t\t\t<\/div>\n\t\t<\/section>\n\t\t\t\t\t<\/div>\n\t\t<\/div>\n\t\t\t\t\t<\/div>\n\t\t<\/section>\n\t\t\t\t<section class=\"elementor-section elementor-top-section elementor-element elementor-element-6df418af elementor-section-full_width elementor-section-height-default elementor-section-height-default\" data-id=\"6df418af\" data-element_type=\"section\" data-e-type=\"section\">\n\t\t\t\t\t\t<div class=\"elementor-container elementor-column-gap-no\">\n\t\t\t\t\t<div class=\"elementor-column elementor-col-100 elementor-top-column elementor-element elementor-element-7f1f5925\" data-id=\"7f1f5925\" data-element_type=\"column\" data-e-type=\"column\">\n\t\t\t<div class=\"elementor-widget-wrap elementor-element-populated\">\n\t\t\t\t\t\t<div class=\"elementor-element elementor-element-7bea7fb4 elementor-arrows-position-inside elementor-widget elementor-widget-image-carousel\" data-id=\"7bea7fb4\" data-element_type=\"widget\" data-e-type=\"widget\" data-settings=\"{&quot;slides_to_show&quot;:&quot;1&quot;,&quot;navigation&quot;:&quot;arrows&quot;,&quot;autoplay&quot;:&quot;yes&quot;,&quot;pause_on_hover&quot;:&quot;yes&quot;,&quot;pause_on_interaction&quot;:&quot;yes&quot;,&quot;autoplay_speed&quot;:5000,&quot;infinite&quot;:&quot;yes&quot;,&quot;effect&quot;:&quot;slide&quot;,&quot;speed&quot;:500}\" data-widget_type=\"image-carousel.default\">\n\t\t\t\t<div class=\"elementor-widget-container\">\n\t\t\t\t\t\t\t<div class=\"elementor-image-carousel-wrapper swiper\" role=\"region\" aria-roledescription=\"carousel\" aria-label=\"Carrusel d&#039;imatges\" dir=\"ltr\">\n\t\t\t<div class=\"elementor-image-carousel swiper-wrapper\" aria-live=\"off\">\n\t\t\t\t\t\t\t\t<div class=\"swiper-slide\" role=\"group\" aria-roledescription=\"slide\" aria-label=\"1 de 13\"><a data-elementor-open-lightbox=\"yes\" data-elementor-lightbox-slideshow=\"7bea7fb4\" data-elementor-lightbox-title=\"IMG_5419\" data-e-action-hash=\"#elementor-action%3Aaction%3Dlightbox%26settings%3DeyJpZCI6MTA5OCwidXJsIjoiaHR0cHM6XC9cL3lvZ2Flc2xpYmVydGFkLmNvbVwvd3AtY29udGVudFwvdXBsb2Fkc1wvMjAyM1wvMTBcL0lNR181NDE5LXNjYWxlZC5qcGciLCJzbGlkZXNob3ciOiI3YmVhN2ZiNCJ9\" href=\"https:\/\/yogaeslibertad.com\/wp-content\/uploads\/2023\/10\/IMG_5419-scaled.jpg\"><figure class=\"swiper-slide-inner\"><img decoding=\"async\" class=\"swiper-slide-image\" src=\"https:\/\/yogaeslibertad.com\/wp-content\/uploads\/2023\/10\/IMG_5419-scaled.jpg\" alt=\"IMG_5419\" \/><\/figure><\/a><\/div><div class=\"swiper-slide\" role=\"group\" aria-roledescription=\"slide\" aria-label=\"2 de 13\"><a data-elementor-open-lightbox=\"yes\" data-elementor-lightbox-slideshow=\"7bea7fb4\" data-elementor-lightbox-title=\"IMG_5423\" data-e-action-hash=\"#elementor-action%3Aaction%3Dlightbox%26settings%3DeyJpZCI6MTEwMCwidXJsIjoiaHR0cHM6XC9cL3lvZ2Flc2xpYmVydGFkLmNvbVwvd3AtY29udGVudFwvdXBsb2Fkc1wvMjAyM1wvMTBcL0lNR181NDIzLXNjYWxlZC5qcGciLCJzbGlkZXNob3ciOiI3YmVhN2ZiNCJ9\" href=\"https:\/\/yogaeslibertad.com\/wp-content\/uploads\/2023\/10\/IMG_5423-scaled.jpg\"><figure class=\"swiper-slide-inner\"><img decoding=\"async\" class=\"swiper-slide-image\" src=\"https:\/\/yogaeslibertad.com\/wp-content\/uploads\/2023\/10\/IMG_5423-scaled.jpg\" alt=\"IMG_5423\" \/><\/figure><\/a><\/div><div class=\"swiper-slide\" role=\"group\" aria-roledescription=\"slide\" aria-label=\"3 de 13\"><a data-elementor-open-lightbox=\"yes\" data-elementor-lightbox-slideshow=\"7bea7fb4\" data-elementor-lightbox-title=\"IMG_5431\" data-e-action-hash=\"#elementor-action%3Aaction%3Dlightbox%26settings%3DeyJpZCI6MTEwMiwidXJsIjoiaHR0cHM6XC9cL3lvZ2Flc2xpYmVydGFkLmNvbVwvd3AtY29udGVudFwvdXBsb2Fkc1wvMjAyM1wvMTBcL0lNR181NDMxLXNjYWxlZC5qcGciLCJzbGlkZXNob3ciOiI3YmVhN2ZiNCJ9\" href=\"https:\/\/yogaeslibertad.com\/wp-content\/uploads\/2023\/10\/IMG_5431-scaled.jpg\"><figure class=\"swiper-slide-inner\"><img decoding=\"async\" class=\"swiper-slide-image\" src=\"https:\/\/yogaeslibertad.com\/wp-content\/uploads\/2023\/10\/IMG_5431-scaled.jpg\" alt=\"IMG_5431\" \/><\/figure><\/a><\/div><div class=\"swiper-slide\" role=\"group\" aria-roledescription=\"slide\" aria-label=\"4 de 13\"><a data-elementor-open-lightbox=\"yes\" data-elementor-lightbox-slideshow=\"7bea7fb4\" data-elementor-lightbox-title=\"IMG_5433\" data-e-action-hash=\"#elementor-action%3Aaction%3Dlightbox%26settings%3DeyJpZCI6MTEwNCwidXJsIjoiaHR0cHM6XC9cL3lvZ2Flc2xpYmVydGFkLmNvbVwvd3AtY29udGVudFwvdXBsb2Fkc1wvMjAyM1wvMTBcL0lNR181NDMzLXNjYWxlZC5qcGciLCJzbGlkZXNob3ciOiI3YmVhN2ZiNCJ9\" href=\"https:\/\/yogaeslibertad.com\/wp-content\/uploads\/2023\/10\/IMG_5433-scaled.jpg\"><figure class=\"swiper-slide-inner\"><img decoding=\"async\" class=\"swiper-slide-image\" src=\"https:\/\/yogaeslibertad.com\/wp-content\/uploads\/2023\/10\/IMG_5433-scaled.jpg\" alt=\"IMG_5433\" \/><\/figure><\/a><\/div><div class=\"swiper-slide\" role=\"group\" aria-roledescription=\"slide\" aria-label=\"5 de 13\"><a data-elementor-open-lightbox=\"yes\" data-elementor-lightbox-slideshow=\"7bea7fb4\" data-elementor-lightbox-title=\"IMG_5487\" data-e-action-hash=\"#elementor-action%3Aaction%3Dlightbox%26settings%3DeyJpZCI6MTEwNiwidXJsIjoiaHR0cHM6XC9cL3lvZ2Flc2xpYmVydGFkLmNvbVwvd3AtY29udGVudFwvdXBsb2Fkc1wvMjAyM1wvMTBcL0lNR181NDg3LXNjYWxlZC5qcGciLCJzbGlkZXNob3ciOiI3YmVhN2ZiNCJ9\" href=\"https:\/\/yogaeslibertad.com\/wp-content\/uploads\/2023\/10\/IMG_5487-scaled.jpg\"><figure class=\"swiper-slide-inner\"><img decoding=\"async\" class=\"swiper-slide-image\" src=\"https:\/\/yogaeslibertad.com\/wp-content\/uploads\/2023\/10\/IMG_5487-scaled.jpg\" alt=\"IMG_5487\" \/><\/figure><\/a><\/div><div class=\"swiper-slide\" role=\"group\" aria-roledescription=\"slide\" aria-label=\"6 de 13\"><a data-elementor-open-lightbox=\"yes\" data-elementor-lightbox-slideshow=\"7bea7fb4\" data-elementor-lightbox-title=\"IMG_5491\" data-e-action-hash=\"#elementor-action%3Aaction%3Dlightbox%26settings%3DeyJpZCI6MTEwOCwidXJsIjoiaHR0cHM6XC9cL3lvZ2Flc2xpYmVydGFkLmNvbVwvd3AtY29udGVudFwvdXBsb2Fkc1wvMjAyM1wvMTBcL0lNR181NDkxLXNjYWxlZC5qcGciLCJzbGlkZXNob3ciOiI3YmVhN2ZiNCJ9\" href=\"https:\/\/yogaeslibertad.com\/wp-content\/uploads\/2023\/10\/IMG_5491-scaled.jpg\"><figure class=\"swiper-slide-inner\"><img decoding=\"async\" class=\"swiper-slide-image\" src=\"https:\/\/yogaeslibertad.com\/wp-content\/uploads\/2023\/10\/IMG_5491-scaled.jpg\" alt=\"IMG_5491\" \/><\/figure><\/a><\/div><div class=\"swiper-slide\" role=\"group\" aria-roledescription=\"slide\" aria-label=\"7 de 13\"><a data-elementor-open-lightbox=\"yes\" data-elementor-lightbox-slideshow=\"7bea7fb4\" data-elementor-lightbox-title=\"IMG_5513\" data-e-action-hash=\"#elementor-action%3Aaction%3Dlightbox%26settings%3DeyJpZCI6MTExMCwidXJsIjoiaHR0cHM6XC9cL3lvZ2Flc2xpYmVydGFkLmNvbVwvd3AtY29udGVudFwvdXBsb2Fkc1wvMjAyM1wvMTBcL0lNR181NTEzLXNjYWxlZC5qcGciLCJzbGlkZXNob3ciOiI3YmVhN2ZiNCJ9\" href=\"https:\/\/yogaeslibertad.com\/wp-content\/uploads\/2023\/10\/IMG_5513-scaled.jpg\"><figure class=\"swiper-slide-inner\"><img decoding=\"async\" class=\"swiper-slide-image\" src=\"https:\/\/yogaeslibertad.com\/wp-content\/uploads\/2023\/10\/IMG_5513-scaled.jpg\" alt=\"IMG_5513\" \/><\/figure><\/a><\/div><div class=\"swiper-slide\" role=\"group\" aria-roledescription=\"slide\" aria-label=\"8 de 13\"><a data-elementor-open-lightbox=\"yes\" data-elementor-lightbox-slideshow=\"7bea7fb4\" data-elementor-lightbox-title=\"IMG_5551\" data-e-action-hash=\"#elementor-action%3Aaction%3Dlightbox%26settings%3DeyJpZCI6MTExMiwidXJsIjoiaHR0cHM6XC9cL3lvZ2Flc2xpYmVydGFkLmNvbVwvd3AtY29udGVudFwvdXBsb2Fkc1wvMjAyM1wvMTBcL0lNR181NTUxLXNjYWxlZC5qcGciLCJzbGlkZXNob3ciOiI3YmVhN2ZiNCJ9\" href=\"https:\/\/yogaeslibertad.com\/wp-content\/uploads\/2023\/10\/IMG_5551-scaled.jpg\"><figure class=\"swiper-slide-inner\"><img decoding=\"async\" class=\"swiper-slide-image\" src=\"https:\/\/yogaeslibertad.com\/wp-content\/uploads\/2023\/10\/IMG_5551-scaled.jpg\" alt=\"IMG_5551\" \/><\/figure><\/a><\/div><div class=\"swiper-slide\" role=\"group\" aria-roledescription=\"slide\" aria-label=\"9 de 13\"><a data-elementor-open-lightbox=\"yes\" data-elementor-lightbox-slideshow=\"7bea7fb4\" data-elementor-lightbox-title=\"IMG_5585\" data-e-action-hash=\"#elementor-action%3Aaction%3Dlightbox%26settings%3DeyJpZCI6MTExNCwidXJsIjoiaHR0cHM6XC9cL3lvZ2Flc2xpYmVydGFkLmNvbVwvd3AtY29udGVudFwvdXBsb2Fkc1wvMjAyM1wvMTBcL0lNR181NTg1LXNjYWxlZC5qcGciLCJzbGlkZXNob3ciOiI3YmVhN2ZiNCJ9\" href=\"https:\/\/yogaeslibertad.com\/wp-content\/uploads\/2023\/10\/IMG_5585-scaled.jpg\"><figure class=\"swiper-slide-inner\"><img decoding=\"async\" class=\"swiper-slide-image\" src=\"https:\/\/yogaeslibertad.com\/wp-content\/uploads\/2023\/10\/IMG_5585-scaled.jpg\" alt=\"IMG_5585\" \/><\/figure><\/a><\/div><div class=\"swiper-slide\" role=\"group\" aria-roledescription=\"slide\" aria-label=\"10 de 13\"><a data-elementor-open-lightbox=\"yes\" data-elementor-lightbox-slideshow=\"7bea7fb4\" data-elementor-lightbox-title=\"IMG_5602\" data-e-action-hash=\"#elementor-action%3Aaction%3Dlightbox%26settings%3DeyJpZCI6MTExNiwidXJsIjoiaHR0cHM6XC9cL3lvZ2Flc2xpYmVydGFkLmNvbVwvd3AtY29udGVudFwvdXBsb2Fkc1wvMjAyM1wvMTBcL0lNR181NjAyLXNjYWxlZC5qcGciLCJzbGlkZXNob3ciOiI3YmVhN2ZiNCJ9\" href=\"https:\/\/yogaeslibertad.com\/wp-content\/uploads\/2023\/10\/IMG_5602-scaled.jpg\"><figure class=\"swiper-slide-inner\"><img decoding=\"async\" class=\"swiper-slide-image\" src=\"https:\/\/yogaeslibertad.com\/wp-content\/uploads\/2023\/10\/IMG_5602-scaled.jpg\" alt=\"IMG_5602\" \/><\/figure><\/a><\/div><div class=\"swiper-slide\" role=\"group\" aria-roledescription=\"slide\" aria-label=\"11 de 13\"><a data-elementor-open-lightbox=\"yes\" data-elementor-lightbox-slideshow=\"7bea7fb4\" data-elementor-lightbox-title=\"IMG_5653\" data-e-action-hash=\"#elementor-action%3Aaction%3Dlightbox%26settings%3DeyJpZCI6MTE1NiwidXJsIjoiaHR0cHM6XC9cL3lvZ2Flc2xpYmVydGFkLmNvbVwvd3AtY29udGVudFwvdXBsb2Fkc1wvMjAyM1wvMTBcL0lNR181NjUzLXNjYWxlZC5qcGciLCJzbGlkZXNob3ciOiI3YmVhN2ZiNCJ9\" href=\"https:\/\/yogaeslibertad.com\/wp-content\/uploads\/2023\/10\/IMG_5653-scaled.jpg\"><figure class=\"swiper-slide-inner\"><img decoding=\"async\" class=\"swiper-slide-image\" src=\"https:\/\/yogaeslibertad.com\/wp-content\/uploads\/2023\/10\/IMG_5653-scaled.jpg\" alt=\"IMG_5653\" \/><\/figure><\/a><\/div><div class=\"swiper-slide\" role=\"group\" aria-roledescription=\"slide\" aria-label=\"12 de 13\"><a data-elementor-open-lightbox=\"yes\" data-elementor-lightbox-slideshow=\"7bea7fb4\" data-elementor-lightbox-title=\"IMG_5669\" data-e-action-hash=\"#elementor-action%3Aaction%3Dlightbox%26settings%3DeyJpZCI6MTE1OCwidXJsIjoiaHR0cHM6XC9cL3lvZ2Flc2xpYmVydGFkLmNvbVwvd3AtY29udGVudFwvdXBsb2Fkc1wvMjAyM1wvMTBcL0lNR181NjY5LXNjYWxlZC5qcGciLCJzbGlkZXNob3ciOiI3YmVhN2ZiNCJ9\" href=\"https:\/\/yogaeslibertad.com\/wp-content\/uploads\/2023\/10\/IMG_5669-scaled.jpg\"><figure class=\"swiper-slide-inner\"><img decoding=\"async\" class=\"swiper-slide-image\" src=\"https:\/\/yogaeslibertad.com\/wp-content\/uploads\/2023\/10\/IMG_5669-scaled.jpg\" alt=\"IMG_5669\" \/><\/figure><\/a><\/div><div class=\"swiper-slide\" role=\"group\" aria-roledescription=\"slide\" aria-label=\"13 de 13\"><a data-elementor-open-lightbox=\"yes\" data-elementor-lightbox-slideshow=\"7bea7fb4\" data-elementor-lightbox-title=\"IMG_5675\" data-e-action-hash=\"#elementor-action%3Aaction%3Dlightbox%26settings%3DeyJpZCI6MTE2MCwidXJsIjoiaHR0cHM6XC9cL3lvZ2Flc2xpYmVydGFkLmNvbVwvd3AtY29udGVudFwvdXBsb2Fkc1wvMjAyM1wvMTBcL0lNR181Njc1LXNjYWxlZC5qcGciLCJzbGlkZXNob3ciOiI3YmVhN2ZiNCJ9\" href=\"https:\/\/yogaeslibertad.com\/wp-content\/uploads\/2023\/10\/IMG_5675-scaled.jpg\"><figure class=\"swiper-slide-inner\"><img decoding=\"async\" class=\"swiper-slide-image\" src=\"https:\/\/yogaeslibertad.com\/wp-content\/uploads\/2023\/10\/IMG_5675-scaled.jpg\" alt=\"IMG_5675\" \/><\/figure><\/a><\/div>\t\t\t<\/div>\n\t\t\t\t\t\t\t\t\t\t\t\t<div class=\"elementor-swiper-button elementor-swiper-button-prev\" role=\"button\" tabindex=\"0\">\n\t\t\t\t\t\t<i aria-hidden=\"true\" class=\"eicon-chevron-left\"><\/i>\t\t\t\t\t<\/div>\n\t\t\t\t\t<div class=\"elementor-swiper-button elementor-swiper-button-next\" role=\"button\" tabindex=\"0\">\n\t\t\t\t\t\t<i aria-hidden=\"true\" class=\"eicon-chevron-right\"><\/i>\t\t\t\t\t<\/div>\n\t\t\t\t\n\t\t\t\t\t\t\t\t\t<\/div>\n\t\t\t\t\t\t<\/div>\n\t\t\t\t<\/div>\n\t\t\t\t\t<\/div>\n\t\t<\/div>\n\t\t\t\t\t<\/div>\n\t\t<\/section>\n\t\t\t\t<\/div>\n\t\t","protected":false},"excerpt":{"rendered":"<p>Massatge Aym Reserva una sessi\u00f3 deMassatge Aym Reservar AYM s\u00f3n les sigles d&#8217;Ayurvedic Yoga Massage La ter\u00e0pia AYM \u00e9s una meravellosa combinaci\u00f3 de massatge aiurveda tradicional i estiraments assistits de Ioga. El massatge es realitza en un matal\u00e0s a terra, utilitzant una petita quantitat d&#8217;oli vegetal i pols de c\u00e0lam, que s&#8217;apliquen amb moviments lents [&hellip;]<\/p>\n","protected":false},"author":1,"featured_media":0,"parent":0,"menu_order":0,"comment_status":"closed","ping_status":"closed","template":"page-templates\/pagebuilder.php","meta":{"inline_featured_image":false,"footnotes":""},"class_list":["post-1267","page","type-page","status-publish","hentry"],"_links":{"self":[{"href":"https:\/\/yogaeslibertad.com\/ca\/wp-json\/wp\/v2\/pages\/1267","targetHints":{"allow":["GET"]}}],"collection":[{"href":"https:\/\/yogaeslibertad.com\/ca\/wp-json\/wp\/v2\/pages"}],"about":[{"href":"https:\/\/yogaeslibertad.com\/ca\/wp-json\/wp\/v2\/types\/page"}],"author":[{"embeddable":true,"href":"https:\/\/yogaeslibertad.com\/ca\/wp-json\/wp\/v2\/users\/1"}],"replies":[{"embeddable":true,"href":"https:\/\/yogaeslibertad.com\/ca\/wp-json\/wp\/v2\/comments?post=1267"}],"version-history":[{"count":6,"href":"https:\/\/yogaeslibertad.com\/ca\/wp-json\/wp\/v2\/pages\/1267\/revisions"}],"predecessor-version":[{"id":1487,"href":"https:\/\/yogaeslibertad.com\/ca\/wp-json\/wp\/v2\/pages\/1267\/revisions\/1487"}],"wp:attachment":[{"href":"https:\/\/yogaeslibertad.com\/ca\/wp-json\/wp\/v2\/media?parent=1267"}],"curies":[{"name":"wp","href":"https:\/\/api.w.org\/{rel}","templated":true}]}}